{"id":374,"date":"2015-06-14T17:39:24","date_gmt":"2015-06-14T17:39:24","guid":{"rendered":"http:\/\/skolafotografijerijeka.com\/?page_id=374"},"modified":"2017-08-28T23:19:17","modified_gmt":"2017-08-28T23:19:17","slug":"radionica-analogne-fotografije","status":"publish","type":"page","link":"http:\/\/skolafotografijerijeka.com\/index.php\/radionica-analogne-fotografije\/","title":{"rendered":"RADIONICA ANALOGNE FOTOGRAFIJE"},"content":{"rendered":"<p>&nbsp;<\/p>\n<p><a href=\"http:\/\/skolafotografijerijeka.com\/wp-content\/uploads\/2015\/06\/FILM-ZAFRKAN.php_.jpg\"><img loading=\"lazy\" class=\"alignleft wp-image-377\" src=\"http:\/\/skolafotografijerijeka.com\/wp-content\/uploads\/2015\/06\/FILM-ZAFRKAN.php_.jpg\" alt=\"FILM ZAFRKAN.php\" width=\"196\" height=\"100\" srcset=\"http:\/\/skolafotografijerijeka.com\/wp-content\/uploads\/2015\/06\/FILM-ZAFRKAN.php_.jpg 425w, http:\/\/skolafotografijerijeka.com\/wp-content\/uploads\/2015\/06\/FILM-ZAFRKAN.php_-300x153.jpg 300w, http:\/\/skolafotografijerijeka.com\/wp-content\/uploads\/2015\/06\/FILM-ZAFRKAN.php_-250x128.jpg 250w, http:\/\/skolafotografijerijeka.com\/wp-content\/uploads\/2015\/06\/FILM-ZAFRKAN.php_-150x77.jpg 150w\" sizes=\"(max-width: 196px) 100vw, 196px\" \/><\/a><a href=\"http:\/\/skolafotografijerijeka.com\/wp-content\/uploads\/2015\/06\/spirala-s-filmom.jpg\"><img loading=\"lazy\" class=\"alignleft wp-image-385\" src=\"http:\/\/skolafotografijerijeka.com\/wp-content\/uploads\/2015\/06\/spirala-s-filmom.jpg\" alt=\"spirala s filmom\" width=\"98\" height=\"100\" srcset=\"http:\/\/skolafotografijerijeka.com\/wp-content\/uploads\/2015\/06\/spirala-s-filmom.jpg 354w, http:\/\/skolafotografijerijeka.com\/wp-content\/uploads\/2015\/06\/spirala-s-filmom-294x300.jpg 294w, http:\/\/skolafotografijerijeka.com\/wp-content\/uploads\/2015\/06\/spirala-s-filmom-147x150.jpg 147w\" sizes=\"(max-width: 98px) 100vw, 98px\" \/><\/a><a href=\"http:\/\/skolafotografijerijeka.com\/wp-content\/uploads\/2015\/06\/FOTOGRAFIJE-I-FILMOVI.jpg\"><img loading=\"lazy\" class=\"alignleft wp-image-379\" src=\"http:\/\/skolafotografijerijeka.com\/wp-content\/uploads\/2015\/06\/FOTOGRAFIJE-I-FILMOVI.jpg\" alt=\"FOTOGRAFIJE I FILMOVI\" width=\"162\" height=\"100\" srcset=\"http:\/\/skolafotografijerijeka.com\/wp-content\/uploads\/2015\/06\/FOTOGRAFIJE-I-FILMOVI.jpg 1063w, http:\/\/skolafotografijerijeka.com\/wp-content\/uploads\/2015\/06\/FOTOGRAFIJE-I-FILMOVI-300x185.jpg 300w, http:\/\/skolafotografijerijeka.com\/wp-content\/uploads\/2015\/06\/FOTOGRAFIJE-I-FILMOVI-1024x632.jpg 1024w, http:\/\/skolafotografijerijeka.com\/wp-content\/uploads\/2015\/06\/FOTOGRAFIJE-I-FILMOVI-243x150.jpg 243w, http:\/\/skolafotografijerijeka.com\/wp-content\/uploads\/2015\/06\/FOTOGRAFIJE-I-FILMOVI-150x93.jpg 150w\" sizes=\"(max-width: 162px) 100vw, 162px\" \/><\/a><a href=\"http:\/\/skolafotografijerijeka.com\/wp-content\/uploads\/2015\/06\/FOTOGRAFIJE-SE-SU\u0160E.jpg\"><img loading=\"lazy\" class=\"wp-image-381 alignnone\" src=\"http:\/\/skolafotografijerijeka.com\/wp-content\/uploads\/2015\/06\/FOTOGRAFIJE-SE-SU\u0160E.jpg\" alt=\"FOTOGRAFIJE SE SU\u0160E\" width=\"248\" height=\"100\" srcset=\"http:\/\/skolafotografijerijeka.com\/wp-content\/uploads\/2015\/06\/FOTOGRAFIJE-SE-SU\u0160E.jpg 709w, http:\/\/skolafotografijerijeka.com\/wp-content\/uploads\/2015\/06\/FOTOGRAFIJE-SE-SU\u0160E-300x121.jpg 300w, http:\/\/skolafotografijerijeka.com\/wp-content\/uploads\/2015\/06\/FOTOGRAFIJE-SE-SU\u0160E-250x101.jpg 250w, http:\/\/skolafotografijerijeka.com\/wp-content\/uploads\/2015\/06\/FOTOGRAFIJE-SE-SU\u0160E-150x61.jpg 150w\" sizes=\"(max-width: 248px) 100vw, 248px\" \/><\/a><a href=\"http:\/\/skolafotografijerijeka.com\/wp-content\/uploads\/2015\/06\/Tacne-A-.jpg\"><img loading=\"lazy\" class=\"wp-image-383 alignright\" src=\"http:\/\/skolafotografijerijeka.com\/wp-content\/uploads\/2015\/06\/Tacne-A-.jpg\" alt=\"Tacne A\" width=\"150\" height=\"100\" srcset=\"http:\/\/skolafotografijerijeka.com\/wp-content\/uploads\/2015\/06\/Tacne-A-.jpg 225w, http:\/\/skolafotografijerijeka.com\/wp-content\/uploads\/2015\/06\/Tacne-A--150x100.jpg 150w\" sizes=\"(max-width: 150px) 100vw, 150px\" \/><\/a><\/p>\n<p style=\"text-align: justify;\">Jo\u0161 uvijek nije u potpunosti napu\u0161ten rad u klasi\u010dnom kemijskom laboratoriju. Dodu\u0161e, malo se autora danas bave analognom fotografijom i to su uglavnom autori \u010dija znati\u017eelja propituje sve kreativne platforme pa u tom smislu je neizostavna i\u00a0 \u010darolija analogne fotografije. Danas dominantno vlada digitalno raspolo\u017eenje kada govorimo o popularizaciji fotografije kao medija. Stvarala\u010dki impuls pojedinca ne ograni\u010dava se na jednu datost ve\u0107 nervom istra\u017eiva\u010da tra\u017ei i koristi sve tehnolo\u0161ke platforme da ostvari svoje zamisli. Pa iz tih razloga nikada u potpunosti ne\u0107e biti napu\u0161tena snimanje i rad u klasi\u010dnim kemijskim postupcima obrade i dobivanja fotografija.<\/p>\n<p style=\"text-align: justify;\">Nudim u svom atelieru <strong>Yellow time<\/strong> kompletan proces, snimanje analognim aparatom, razvijanje filma te izrada pove\u0107anja. Kada se upali crveno laboratorijsko svjetlo po\u010dinje \u010darolija, kemija i alkemija analogne fotografije. Polaznici ne moraju imati svoj analogni aparat, za radionicu imam pripremljeno nekoliko analognih aparata raznih\u00a0 modela i tipova.<\/p>\n<p>Ovdje je <span style=\"color: #ff6600;\"><a style=\"color: #ff6600;\" href=\"http:\/\/skolafotografijerijeka.com\/wp-content\/uploads\/2015\/06\/Prijavnica-za-sve-module_.doc\">prijavnica<\/a><\/span><\/p>\n<p>&nbsp;<\/p>\n<p><a href=\"http:\/\/skolafotografijerijeka.com\/wp-content\/uploads\/2015\/06\/BROWNIE-a.jpg\"><img loading=\"lazy\" class=\"alignleft wp-image-406\" src=\"http:\/\/skolafotografijerijeka.com\/wp-content\/uploads\/2015\/06\/BROWNIE-a.jpg\" alt=\"BROWNIE a\" width=\"108\" height=\"116\" \/><\/a><a href=\"http:\/\/skolafotografijerijeka.com\/wp-content\/uploads\/2015\/06\/CANON-EOS-.jpg\"><img loading=\"lazy\" class=\"alignleft wp-image-407\" src=\"http:\/\/skolafotografijerijeka.com\/wp-content\/uploads\/2015\/06\/CANON-EOS-.jpg\" alt=\"CANON EOS\" width=\"156\" height=\"116\" srcset=\"http:\/\/skolafotografijerijeka.com\/wp-content\/uploads\/2015\/06\/CANON-EOS-.jpg 161w, http:\/\/skolafotografijerijeka.com\/wp-content\/uploads\/2015\/06\/CANON-EOS--150x112.jpg 150w\" sizes=\"(max-width: 156px) 100vw, 156px\" \/><\/a><a href=\"http:\/\/skolafotografijerijeka.com\/wp-content\/uploads\/2015\/06\/Lubitel2.jpg\"><img loading=\"lazy\" class=\"alignleft wp-image-408\" src=\"http:\/\/skolafotografijerijeka.com\/wp-content\/uploads\/2015\/06\/Lubitel2.jpg\" alt=\"Lubitel2\" width=\"103\" height=\"116\" \/><\/a><a href=\"http:\/\/skolafotografijerijeka.com\/wp-content\/uploads\/2015\/06\/SMENA-8-M.jpg\"><img loading=\"lazy\" class=\"alignleft wp-image-409\" src=\"http:\/\/skolafotografijerijeka.com\/wp-content\/uploads\/2015\/06\/SMENA-8-M.jpg\" alt=\"SMENA 8 M\" width=\"159\" height=\"116\" srcset=\"http:\/\/skolafotografijerijeka.com\/wp-content\/uploads\/2015\/06\/SMENA-8-M.jpg 164w, http:\/\/skolafotografijerijeka.com\/wp-content\/uploads\/2015\/06\/SMENA-8-M-150x110.jpg 150w\" sizes=\"(max-width: 159px) 100vw, 159px\" \/><\/a><a href=\"http:\/\/skolafotografijerijeka.com\/wp-content\/uploads\/2015\/06\/SMENA-8.jpg\"><img loading=\"lazy\" class=\"alignleft wp-image-410\" src=\"http:\/\/skolafotografijerijeka.com\/wp-content\/uploads\/2015\/06\/SMENA-8.jpg\" alt=\"SMENA 8\" width=\"149\" height=\"116\" srcset=\"http:\/\/skolafotografijerijeka.com\/wp-content\/uploads\/2015\/06\/SMENA-8.jpg 154w, http:\/\/skolafotografijerijeka.com\/wp-content\/uploads\/2015\/06\/SMENA-8-150x117.jpg 150w\" sizes=\"(max-width: 149px) 100vw, 149px\" \/><\/a><a href=\"http:\/\/skolafotografijerijeka.com\/wp-content\/uploads\/2015\/06\/ZENIT-S.jpg\"><img loading=\"lazy\" class=\"wp-image-411 alignnone\" src=\"http:\/\/skolafotografijerijeka.com\/wp-content\/uploads\/2015\/06\/ZENIT-S.jpg\" alt=\"ZENIT S\" width=\"146\" height=\"116\" srcset=\"http:\/\/skolafotografijerijeka.com\/wp-content\/uploads\/2015\/06\/ZENIT-S.jpg 151w, http:\/\/skolafotografijerijeka.com\/wp-content\/uploads\/2015\/06\/ZENIT-S-150x119.jpg 150w\" sizes=\"(max-width: 146px) 100vw, 146px\" \/><\/a><\/p>\n<hr \/>\n<h3><span style=\"color: #003300;\">RADIONICA\u00a0 SMENOGRAFIJE<\/span><\/h3>\n<p>&nbsp;<\/p>\n<p><img loading=\"lazy\" class=\"alignleft wp-image-987\" src=\"http:\/\/skolafotografijerijeka.com\/wp-content\/uploads\/2017\/08\/Smena-6.jpg\" alt=\"\" width=\"213\" height=\"150\" srcset=\"http:\/\/skolafotografijerijeka.com\/wp-content\/uploads\/2017\/08\/Smena-6.jpg 800w, http:\/\/skolafotografijerijeka.com\/wp-content\/uploads\/2017\/08\/Smena-6-300x211.jpg 300w, http:\/\/skolafotografijerijeka.com\/wp-content\/uploads\/2017\/08\/Smena-6-768x540.jpg 768w, http:\/\/skolafotografijerijeka.com\/wp-content\/uploads\/2017\/08\/Smena-6-213x150.jpg 213w, http:\/\/skolafotografijerijeka.com\/wp-content\/uploads\/2017\/08\/Smena-6-150x106.jpg 150w\" sizes=\"(max-width: 213px) 100vw, 213px\" \/><\/p>\n<p><img loading=\"lazy\" class=\"alignleft wp-image-988\" src=\"http:\/\/skolafotografijerijeka.com\/wp-content\/uploads\/2017\/08\/Ulaganje-filma.jpg\" alt=\"\" width=\"225\" height=\"150\" srcset=\"http:\/\/skolafotografijerijeka.com\/wp-content\/uploads\/2017\/08\/Ulaganje-filma.jpg 640w, http:\/\/skolafotografijerijeka.com\/wp-content\/uploads\/2017\/08\/Ulaganje-filma-300x200.jpg 300w, http:\/\/skolafotografijerijeka.com\/wp-content\/uploads\/2017\/08\/Ulaganje-filma-225x150.jpg 225w, http:\/\/skolafotografijerijeka.com\/wp-content\/uploads\/2017\/08\/Ulaganje-filma-150x100.jpg 150w\" sizes=\"(max-width: 225px) 100vw, 225px\" \/>Ovo je radionica analogne fotografije na kojoj se isklju\u010divo fotografira s legendarnom ruskom <strong>Smenom<\/strong>. Vi\u0161re mo\u017ee\u0161 pro\u010ditati <span style=\"color: #ff6600;\"><a href=\"http:\/\/skolafotografijerijeka.com\/index.php\/2017\/08\/27\/radionica-smenografije\/\"><span style=\"color: #ff6600;\">ovdje<\/span><\/a><\/span><\/p>\n<p>&nbsp;<\/p>\n<p>&nbsp;<\/p>\n<hr \/>\n<p>&nbsp;<\/p>\n","protected":false},"excerpt":{"rendered":"<p>&nbsp; Jo\u0161 uvijek nije u potpunosti napu\u0161ten rad u klasi\u010dnom kemijskom laboratoriju. Dodu\u0161e, malo se autora danas bave analognom fotografijom i to su uglavnom autori \u010dija znati\u017eelja propituje sve kreativne platforme pa u tom smislu je neizostavna i\u00a0 \u010darolija analogne fotografije. Danas dominantno vlada digitalno raspolo\u017eenje kada govorimo o popularizaciji\u2026 <a class=\"continue-reading-link\" href=\"http:\/\/skolafotografijerijeka.com\/index.php\/radionica-analogne-fotografije\/\">\u010cITAJ DALJE<\/a><\/p>\n","protected":false},"author":1,"featured_media":0,"parent":0,"menu_order":0,"comment_status":"closed","ping_status":"closed","template":"","meta":[],"_links":{"self":[{"href":"http:\/\/skolafotografijerijeka.com\/index.php\/wp-json\/wp\/v2\/pages\/374"}],"collection":[{"href":"http:\/\/skolafotografijerijeka.com\/index.php\/wp-json\/wp\/v2\/pages"}],"about":[{"href":"http:\/\/skolafotografijerijeka.com\/index.php\/wp-json\/wp\/v2\/types\/page"}],"author":[{"embeddable":true,"href":"http:\/\/skolafotografijerijeka.com\/index.php\/wp-json\/wp\/v2\/users\/1"}],"replies":[{"embeddable":true,"href":"http:\/\/skolafotografijerijeka.com\/index.php\/wp-json\/wp\/v2\/comments?post=374"}],"version-history":[{"count":43,"href":"http:\/\/skolafotografijerijeka.com\/index.php\/wp-json\/wp\/v2\/pages\/374\/revisions"}],"predecessor-version":[{"id":1072,"href":"http:\/\/skolafotografijerijeka.com\/index.php\/wp-json\/wp\/v2\/pages\/374\/revisions\/1072"}],"wp:attachment":[{"href":"http:\/\/skolafotografijerijeka.com\/index.php\/wp-json\/wp\/v2\/media?parent=374"}],"curies":[{"name":"wp","href":"https:\/\/api.w.org\/{rel}","templated":true}]}}