{"id":31,"date":"2015-06-07T13:47:37","date_gmt":"2015-06-07T13:47:37","guid":{"rendered":"http:\/\/skolafotografijerijeka.com\/?page_id=31"},"modified":"2015-10-08T15:28:44","modified_gmt":"2015-10-08T15:28:44","slug":"radionica-camera-obscura","status":"publish","type":"page","link":"http:\/\/skolafotografijerijeka.com\/index.php\/radionica-camera-obscura\/","title":{"rendered":"RADIONICA CAMERA OBSCURA"},"content":{"rendered":"<p><a href=\"http:\/\/skolafotografijerijeka.com\/wp-content\/uploads\/2015\/06\/camera-obscura-s-kojom-polaznici-radionice-snimaju.jpg\"><img loading=\"lazy\" class=\" wp-image-321 alignleft\" src=\"http:\/\/skolafotografijerijeka.com\/wp-content\/uploads\/2015\/06\/camera-obscura-s-kojom-polaznici-radionice-snimaju-300x213.jpg\" alt=\"camera obscura s kojom polaznici radionice snimaju\" width=\"282\" height=\"200\" srcset=\"http:\/\/skolafotografijerijeka.com\/wp-content\/uploads\/2015\/06\/camera-obscura-s-kojom-polaznici-radionice-snimaju-300x213.jpg 300w, http:\/\/skolafotografijerijeka.com\/wp-content\/uploads\/2015\/06\/camera-obscura-s-kojom-polaznici-radionice-snimaju-211x150.jpg 211w, http:\/\/skolafotografijerijeka.com\/wp-content\/uploads\/2015\/06\/camera-obscura-s-kojom-polaznici-radionice-snimaju-150x107.jpg 150w, http:\/\/skolafotografijerijeka.com\/wp-content\/uploads\/2015\/06\/camera-obscura-s-kojom-polaznici-radionice-snimaju.jpg 850w\" sizes=\"(max-width: 282px) 100vw, 282px\" \/><\/a>VIKEND RADIONICA CAMERA OBSCURA<\/p>\n<p style=\"text-align: justify;\">Vrlo \u010desto slu\u0161amo pri\u010de, ljudi koji se bave fotografijom, u ovom smislu &#8211; ovaj objektiv, onaj objektiv, ovaj aparat, onaj aparat. Sva se ta razmi\u0161ljanja i energija svode na isticanje tehni\u010dkih kondicija aparata, objektiva, pa se u nekom smislu javlja natjecateljsko presti\u017eni osje\u0107aj \u010dija je oprema skuplja to bi automatski trebalo zna\u010di da je on i bolji autor i snimatelj. A nitko ni ne spominje fotografiju u onom njenom esencijalnom zna\u010denju radi koje je sva ta oprema i napravljena. Sve mi to pomalo sli\u010di kao kad bi rukotvorni slikari vodili isprazne diskusije \u010dime treba nanositi boju na platno. Kistovima od prirodne ili sinteti\u010dke dlake, slikarskom \u0161pahtlom, dlanom, prstom ili metlom prskati, prolijevati kantom itd.<\/p>\n<p style=\"text-align: justify;\">Svijet se odu\u0161evljava fotografijama Henri Cartier-Bressona i nitko ne pita kojim aparatom i objektivom je snimao i ako znamo to\u010dno kojim je aparatom i objektivom snimao. U kona\u010dnici je nebitno \u010dime je snimao, ono \u0161to ostaje su genijalne fotografske slike. Dakako, treba se brinuti o tehnici i tehnologiji i poznavati ju kako bi ostvarili na\u0161u fotografsku zamisao, ali ne u mjeri i na na\u010din da ona postane sama sebi smisao i cilj. Da ne bude zabune ima autora koji imaju vrlo skupu i sofisticiranu fotografsku opremu i suvislo ju koriste u svom radu. Dakle, moja negacija skupe i markirane fotoopreme nije negacija opreme kao takve ve\u0107 time komentiram autore koji su nedovoljno kreativni i taj nedostatak poku\u0161avaju nadomjestiti kupnjom skupe opreme.<\/p>\n<p style=\"text-align: justify;\">Ako je cilj vi\u0111enu vizualnue stvarnosti interpretirati na originalan na\u010din fotografskom slikom onda je nebitno kojim sredstvima ostvarujemo tu ideju pa bili to i najskuplji aparati \/Canon, Nikon, Olympus itd.\/ ili najobi\u010dnije kartonske kutija. Kupuju\u0107i skupu fotografsku opremu a ne znaju\u0107i ju upotrijebiti u svim tim mogu\u0107nosti koja nam ona nudi onda \u010dini mi se da je imaocu takve opreme prioritet hijerarhijsko pozerski a ne kreativno stvarala\u010dki. Poza, forma a ne bit i su\u0161tina fotografije.<\/p>\n<p style=\"text-align: justify;\">Ovo su dobrim dijelom motivi koji su me vodili u prou\u010davanje prostora camere obscure i njenih izra\u017eajnih mogu\u0107nosti. Jo\u0161 jedna pojava u fotografiji mi je \u010dudnovata, a to je bezgrani\u010dna te\u017enja dobrog dijela autora da tehni\u010dki \u201cispeglaju\u201d fotografiju do nestvarnosti. Naravno u ovome im \u201cpoma\u017ee\u201d sve agresivnija propaganda proizvo\u0111a\u010da pomagala i alata za obradu fotografije tako da ve\u0107i dio fotografije nastaje u ra\u010dunalu pri obradi-manipulaciji kao posljedica slu\u010dajnosti a ne suvisle i kreativne akcije autora.<\/p>\n<p style=\"text-align: justify;\">Organiziranjem vikend radionice camere obscure relativiziram zna\u010daj i va\u017enost skupe opreme u fotografskom radu i dokazujem da se sjajne fotografije mogu raditi i obi\u010dnom kartonskom kutijom.<\/p>\n<p style=\"text-align: justify;\">Polaznici radionice camere obscure nau\u010dit \u0107e princip rada fotografskog aparata, pro\u0107i \u0107e postupak kemijske obrade fotomaterijala te u\u0107i u bezgrani\u010dni prostor kreativne fotografije. Program ove radionice daje temelj razumijevanja fotografske platforme s tehni\u010dko-tehnolo\u0161kog i kreativnog aspekta.<\/p>\n<p style=\"text-align: justify;\"><em>Neke od tema koje obra\u0111ujem:<\/em><\/p>\n<ul style=\"text-align: justify;\">\n<li><em>Povijesni kontekst fotografije i prve spoznaje fenomena camere obscure<\/em><\/li>\n<li><em>Princip eksponiranja, komparativni pregled fotoaparata i camere obscure<\/em><\/li>\n<li><em>Izrada objektiva \/bu\u0161enje rupice\/<\/em><\/li>\n<li><em>Test snimanje, odre\u0111ivanje vremena osvjetljavanja<\/em><\/li>\n<li><em>Snimanje<\/em><\/li>\n<li><em>Kemijska obrada materijala<\/em><\/li>\n<li><em>Postprodukcija<\/em><\/li>\n<\/ul>\n<p style=\"text-align: justify;\"><em>Ovdje preuzmi <span style=\"color: #ff6600;\"><a style=\"color: #ff6600;\" href=\"http:\/\/skolafotografijerijeka.com\/wp-content\/uploads\/2015\/06\/Prijavnica-za-sve-module_.doc\">prijavnica<\/a><\/span>, popuni je\u00a0i vrati kao word dokument na <span style=\"color: #3366ff;\"><a style=\"color: #3366ff;\" href=\"mailto:cameraobscurarijeka@gmail.com\">cameraobscurarijeka@gmail.com<\/a><\/span><\/em><\/p>\n<p><img class=\"ngg_displayed_gallery mceItem\" src=\"http:\/\/skolafotografijerijeka.com\/index.php\/nextgen-attach_to_post\/preview\/id--561\" alt=\"\" data-mce-placeholder=\"1\" \/><\/p>\n<p>&nbsp;<\/p>\n<p>&nbsp;<\/p>\n","protected":false},"excerpt":{"rendered":"<p>VIKEND RADIONICA CAMERA OBSCURA Vrlo \u010desto slu\u0161amo pri\u010de, ljudi koji se bave fotografijom, u ovom smislu &#8211; ovaj objektiv, onaj objektiv, ovaj aparat, onaj aparat. Sva se ta razmi\u0161ljanja i energija svode na isticanje tehni\u010dkih kondicija aparata, objektiva, pa se u nekom smislu javlja natjecateljsko presti\u017eni osje\u0107aj \u010dija je oprema\u2026 <a class=\"continue-reading-link\" href=\"http:\/\/skolafotografijerijeka.com\/index.php\/radionica-camera-obscura\/\">\u010cITAJ DALJE<\/a><\/p>\n","protected":false},"author":1,"featured_media":0,"parent":0,"menu_order":0,"comment_status":"closed","ping_status":"closed","template":"","meta":[],"_links":{"self":[{"href":"http:\/\/skolafotografijerijeka.com\/index.php\/wp-json\/wp\/v2\/pages\/31"}],"collection":[{"href":"http:\/\/skolafotografijerijeka.com\/index.php\/wp-json\/wp\/v2\/pages"}],"about":[{"href":"http:\/\/skolafotografijerijeka.com\/index.php\/wp-json\/wp\/v2\/types\/page"}],"author":[{"embeddable":true,"href":"http:\/\/skolafotografijerijeka.com\/index.php\/wp-json\/wp\/v2\/users\/1"}],"replies":[{"embeddable":true,"href":"http:\/\/skolafotografijerijeka.com\/index.php\/wp-json\/wp\/v2\/comments?post=31"}],"version-history":[{"count":56,"href":"http:\/\/skolafotografijerijeka.com\/index.php\/wp-json\/wp\/v2\/pages\/31\/revisions"}],"predecessor-version":[{"id":774,"href":"http:\/\/skolafotografijerijeka.com\/index.php\/wp-json\/wp\/v2\/pages\/31\/revisions\/774"}],"wp:attachment":[{"href":"http:\/\/skolafotografijerijeka.com\/index.php\/wp-json\/wp\/v2\/media?parent=31"}],"curies":[{"name":"wp","href":"https:\/\/api.w.org\/{rel}","templated":true}]}}